{"id":641,"date":"2023-11-12T11:46:10","date_gmt":"2023-11-12T11:46:10","guid":{"rendered":"https:\/\/www.beautico-wp.egenslab.com\/?page_id=641"},"modified":"2025-09-15T07:56:08","modified_gmt":"2025-09-15T07:56:08","slug":"about-us","status":"publish","type":"page","link":"https:\/\/defarma.al\/sq\/about-us\/","title":{"rendered":"Rreth Nesh"},"content":{"rendered":"<div data-elementor-type=\"wp-page\" data-elementor-id=\"641\" class=\"elementor elementor-641\">\n\t\t\t\t\t\t<section class=\"elementor-section elementor-top-section elementor-element elementor-element-32f03df elementor-section-full_width elementor-section-height-default elementor-section-height-default\" data-id=\"32f03df\" data-element_type=\"section\">\n\t\t\t\t\t\t<div class=\"elementor-container elementor-column-gap-default\">\n\t\t\t\t\t<div class=\"elementor-column elementor-col-100 elementor-top-column elementor-element elementor-element-5b1533c\" data-id=\"5b1533c\" data-element_type=\"column\">\n\t\t\t<div class=\"elementor-widget-wrap elementor-element-populated\">\n\t\t\t\t\t\t<div class=\"elementor-element elementor-element-f6e2172 hover-img elementor-widget elementor-widget-image\" data-id=\"f6e2172\" data-element_type=\"widget\" data-widget_type=\"image.default\">\n\t\t\t\t\t\t\t\t\t\t\t\t\t\t\t<img fetchpriority=\"high\" decoding=\"async\" width=\"2560\" height=\"1707\" src=\"https:\/\/defarma.al\/wp-content\/uploads\/2025\/09\/empty-drugstore-with-bottles-packages-full-with-medicaments-retail-shop-shelves-with-pharmaceutical-products-pharmacy-space-filled-with-medical-drugs-pills-vitamins-boxes-scaled.jpg\" class=\"attachment-full size-full wp-image-1933\" alt=\"\" srcset=\"https:\/\/defarma.al\/wp-content\/uploads\/2025\/09\/empty-drugstore-with-bottles-packages-full-with-medicaments-retail-shop-shelves-with-pharmaceutical-products-pharmacy-space-filled-with-medical-drugs-pills-vitamins-boxes-scaled.jpg 2560w, https:\/\/defarma.al\/wp-content\/uploads\/2025\/09\/empty-drugstore-with-bottles-packages-full-with-medicaments-retail-shop-shelves-with-pharmaceutical-products-pharmacy-space-filled-with-medical-drugs-pills-vitamins-boxes-300x200.jpg 300w, https:\/\/defarma.al\/wp-content\/uploads\/2025\/09\/empty-drugstore-with-bottles-packages-full-with-medicaments-retail-shop-shelves-with-pharmaceutical-products-pharmacy-space-filled-with-medical-drugs-pills-vitamins-boxes-1024x683.jpg 1024w, https:\/\/defarma.al\/wp-content\/uploads\/2025\/09\/empty-drugstore-with-bottles-packages-full-with-medicaments-retail-shop-shelves-with-pharmaceutical-products-pharmacy-space-filled-with-medical-drugs-pills-vitamins-boxes-768x512.jpg 768w, https:\/\/defarma.al\/wp-content\/uploads\/2025\/09\/empty-drugstore-with-bottles-packages-full-with-medicaments-retail-shop-shelves-with-pharmaceutical-products-pharmacy-space-filled-with-medical-drugs-pills-vitamins-boxes-1536x1024.jpg 1536w, https:\/\/defarma.al\/wp-content\/uploads\/2025\/09\/empty-drugstore-with-bottles-packages-full-with-medicaments-retail-shop-shelves-with-pharmaceutical-products-pharmacy-space-filled-with-medical-drugs-pills-vitamins-boxes-2048x1365.jpg 2048w, https:\/\/defarma.al\/wp-content\/uploads\/2025\/09\/empty-drugstore-with-bottles-packages-full-with-medicaments-retail-shop-shelves-with-pharmaceutical-products-pharmacy-space-filled-with-medical-drugs-pills-vitamins-boxes-18x12.jpg 18w, https:\/\/defarma.al\/wp-content\/uploads\/2025\/09\/empty-drugstore-with-bottles-packages-full-with-medicaments-retail-shop-shelves-with-pharmaceutical-products-pharmacy-space-filled-with-medical-drugs-pills-vitamins-boxes-600x400.jpg 600w\" sizes=\"(max-width: 2560px) 100vw, 2560px\" \/>\t\t\t\t\t\t\t\t\t\t\t\t\t\t\t<\/div>\n\t\t\t\t\t<\/div>\n\t\t<\/div>\n\t\t\t\t\t<\/div>\n\t\t<\/section>\n\t\t\t\t<section class=\"elementor-section elementor-top-section elementor-element elementor-element-c5157f1 about-us-content-sec elementor-section-boxed elementor-section-height-default elementor-section-height-default\" data-id=\"c5157f1\" data-element_type=\"section\">\n\t\t\t\t\t\t<div class=\"elementor-container elementor-column-gap-default\">\n\t\t\t\t\t<div class=\"elementor-column elementor-col-100 elementor-top-column elementor-element elementor-element-44a6d81\" data-id=\"44a6d81\" data-element_type=\"column\">\n\t\t\t<div class=\"elementor-widget-wrap elementor-element-populated\">\n\t\t\t\t\t\t<div class=\"elementor-element elementor-element-7fec8c1 elementor-widget elementor-widget-image\" data-id=\"7fec8c1\" data-element_type=\"widget\" data-widget_type=\"image.default\">\n\t\t\t\t\t\t\t\t\t\t\t\t\t\t\t<img decoding=\"async\" width=\"300\" height=\"126\" src=\"https:\/\/defarma.al\/wp-content\/uploads\/2025\/07\/f84abd59-bad6-4f8a-98b1-7c2b9aeb126d-removebg-preview-300x126.png\" class=\"attachment-medium size-medium wp-image-1804\" alt=\"\" srcset=\"https:\/\/defarma.al\/wp-content\/uploads\/2025\/07\/f84abd59-bad6-4f8a-98b1-7c2b9aeb126d-removebg-preview-300x126.png 300w, https:\/\/defarma.al\/wp-content\/uploads\/2025\/07\/f84abd59-bad6-4f8a-98b1-7c2b9aeb126d-removebg-preview-600x253.png 600w, https:\/\/defarma.al\/wp-content\/uploads\/2025\/07\/f84abd59-bad6-4f8a-98b1-7c2b9aeb126d-removebg-preview.png 769w\" sizes=\"(max-width: 300px) 100vw, 300px\" \/>\t\t\t\t\t\t\t\t\t\t\t\t\t\t\t<\/div>\n\t\t\t\t<section class=\"elementor-section elementor-inner-section elementor-element elementor-element-d5be430 elementor-section-boxed elementor-section-height-default elementor-section-height-default\" data-id=\"d5be430\" data-element_type=\"section\">\n\t\t\t\t\t\t<div class=\"elementor-container elementor-column-gap-default\">\n\t\t\t\t\t<div class=\"elementor-column elementor-col-100 elementor-inner-column elementor-element elementor-element-71e7fca\" data-id=\"71e7fca\" data-element_type=\"column\">\n\t\t\t<div class=\"elementor-widget-wrap elementor-element-populated\">\n\t\t\t\t\t\t<div class=\"elementor-element elementor-element-f53c943 elementor-widget elementor-widget-text-editor\" data-id=\"f53c943\" data-element_type=\"widget\" data-widget_type=\"text-editor.default\">\n\t\t\t\t\t\t\t\t\t<p data-start=\"111\" data-end=\"300\"><strong data-start=\"111\" data-end=\"147\">De Farma prej m\u00eb shum\u00eb se 10 vitesh<\/strong> operon n\u00eb tregun shqiptar si nj\u00eb <strong data-start=\"189\" data-end=\"209\">partner i besuesh\u00ebm<\/strong> n\u00eb fush\u00ebn e <strong data-start=\"233\" data-end=\"297\">distribucionit farmaceutik, dermokozmetik dhe suplement\u00ebve ushqimor\u00eb.<\/strong>.<\/p><p data-start=\"302\" data-end=\"584\">Ne bashk\u00ebpunojm\u00eb ngusht\u00eb me <strong data-start=\"323\" data-end=\"367\">kompani dhe organizata profesionale,<\/strong>, duke ofruar nj\u00eb <strong data-start=\"381\" data-end=\"428\">zinxhir furnizimi t\u00eb sigurt, t\u00eb shpejt\u00eb dhe t\u00eb standardizuar.<\/strong>Si distributor, kemi krijuar <strong data-start=\"462\" data-end=\"523\">marr\u00ebdh\u00ebnie afatgjata me brande nd\u00ebrkomb\u00ebtare lider,<\/strong> t\u00eb cilat sjellin <strong data-start=\"535\" data-end=\"561\">cil\u00ebsi dhe inovacion<\/strong> n\u00eb tregun vendas.<\/p><p data-start=\"586\" data-end=\"783\">Misioni yn\u00eb \u00ebsht\u00eb t\u00eb ofrojm\u00eb <strong data-start=\"612\" data-end=\"665\">produkte t\u00eb certifikuara dhe t\u00eb mir\u00ebnjohura nd\u00ebrkomb\u00ebtarisht<\/strong>, duke mb\u00ebshtetur partner\u00ebt tan\u00eb n\u00eb <strong data-start=\"694\" data-end=\"720\">zhvillimin e biznesit<\/strong> dhe <strong data-start=\"725\" data-end=\"758\">n\u00eb p\u00ebrmbushjen e pritshm\u00ebrive t\u00eb konsumator\u00ebve p\u00ebr<\/strong> cil\u00ebsi dhe besueshm\u00ebri.<\/p><p data-start=\"785\" data-end=\"1066\">Me nj\u00eb <strong data-start=\"793\" data-end=\"827\">rrjet shp\u00ebrndarjeje efikas<\/strong>, <strong data-start=\"829\" data-end=\"853\">, eksperienc\u00eb t\u00eb gjat\u00eb<\/strong>dhe fokus <strong data-start=\"877\" data-end=\"903\">tek partneritetet strategjike,<\/strong>, <strong data-start=\"905\" data-end=\"917\">De Farma<\/strong> vazhdon t\u00eb jet\u00eb <strong data-start=\"938\" data-end=\"954\">zgjedhja e par\u00eb<\/strong> p\u00ebr kompanit\u00eb q\u00eb k\u00ebrkojn\u00eb <strong data-start=\"977\" data-end=\"1012\">profesionaliz\u00ebm dhe siguri<\/strong> n\u00eb <strong data-start=\"1020\" data-end=\"1063\">sektorin farmaceutik dhe t\u00eb kujdesit personal.<\/strong>.<\/p>\t\t\t\t\t\t\t\t<\/div>\n\t\t\t\t\t<\/div>\n\t\t<\/div>\n\t\t\t\t\t<\/div>\n\t\t<\/section>\n\t\t\t\t\t<\/div>\n\t\t<\/div>\n\t\t\t\t\t<\/div>\n\t\t<\/section>\n\t\t\t\t<section class=\"elementor-section elementor-top-section elementor-element elementor-element-1ceac91 elementor-section-full_width best-brand-section style-2 elementor-section-height-default elementor-section-height-default\" data-id=\"1ceac91\" data-element_type=\"section\" data-settings=\"{&quot;background_background&quot;:&quot;classic&quot;}\">\n\t\t\t\t\t\t<div class=\"elementor-container elementor-column-gap-no\">\n\t\t\t\t\t<div class=\"elementor-column elementor-col-100 elementor-top-column elementor-element elementor-element-4c8934e\" data-id=\"4c8934e\" data-element_type=\"column\">\n\t\t\t<div class=\"elementor-widget-wrap elementor-element-populated\">\n\t\t\t\t\t\t<div class=\"elementor-element elementor-element-b46ab00 elementor-widget elementor-widget-beautico_brand\" data-id=\"b46ab00\" data-element_type=\"widget\" data-widget_type=\"beautico_brand.default\">\n\t\t\t\t<div class=\"elementor-widget-container\">\n\t\t\t\t\t                            <div class=\"best-brand-section\">\n                <div class=\"container-fluid\">\n                                            <div class=\"section-title style-2 text-center\">\n                            <h3>Markat Tona<\/h3>\n                        <\/div>\n                                        <div class=\"best-brand-wrapper\">\n                        <div class=\"row\">\n                            <div class=\"col-lg-12\">\n                                <div class=\"swiper brand-slider\">\n                                    <div class=\"swiper-wrapper\">\n                                                                                                                                    <div class=\"swiper-slide\">\n                                                    <div class=\"brand-icon\">\n                                                                                                                    <a href=\"#\">\n                                                                <img decoding=\"async\" src=\"https:\/\/defarma.al\/wp-content\/uploads\/2025\/09\/4.png\" alt=\"brand-logo\">\n                                                            <\/a>\n                                                                                                            <\/div>\n                                                <\/div>\n                                                                                            <div class=\"swiper-slide\">\n                                                    <div class=\"brand-icon\">\n                                                                                                                    <a href=\"#\">\n                                                                <img decoding=\"async\" src=\"https:\/\/defarma.al\/wp-content\/uploads\/2025\/09\/5.png\" alt=\"brand-logo\">\n                                                            <\/a>\n                                                                                                            <\/div>\n                                                <\/div>\n                                                                                            <div class=\"swiper-slide\">\n                                                    <div class=\"brand-icon\">\n                                                                                                                    <a href=\"#\">\n                                                                <img decoding=\"async\" src=\"https:\/\/defarma.al\/wp-content\/uploads\/2025\/09\/6.png\" alt=\"brand-logo\">\n                                                            <\/a>\n                                                                                                            <\/div>\n                                                <\/div>\n                                                                                            <div class=\"swiper-slide\">\n                                                    <div class=\"brand-icon\">\n                                                                                                                    <a href=\"#\">\n                                                                <img decoding=\"async\" src=\"https:\/\/defarma.al\/wp-content\/uploads\/2025\/09\/3.png\" alt=\"brand-logo\">\n                                                            <\/a>\n                                                                                                            <\/div>\n                                                <\/div>\n                                                                                            <div class=\"swiper-slide\">\n                                                    <div class=\"brand-icon\">\n                                                                                                                    <a href=\"#\">\n                                                                <img decoding=\"async\" src=\"https:\/\/defarma.al\/wp-content\/uploads\/2025\/09\/1-1.png\" alt=\"brand-logo\">\n                                                            <\/a>\n                                                                                                            <\/div>\n                                                <\/div>\n                                                                                            <div class=\"swiper-slide\">\n                                                    <div class=\"brand-icon\">\n                                                                                                                    <a href=\"#\">\n                                                                <img decoding=\"async\" src=\"https:\/\/defarma.al\/wp-content\/uploads\/2025\/09\/2.png\" alt=\"brand-logo\">\n                                                            <\/a>\n                                                                                                            <\/div>\n                                                <\/div>\n                                                                                            <div class=\"swiper-slide\">\n                                                    <div class=\"brand-icon\">\n                                                                                                                    <a href=\"#\">\n                                                                <img decoding=\"async\" src=\"https:\/\/defarma.al\/wp-content\/uploads\/2025\/09\/7.png\" alt=\"brand-logo\">\n                                                            <\/a>\n                                                                                                            <\/div>\n                                                <\/div>\n                                                                                                                        <\/div>\n                                <\/div>\n                            <\/div>\n                        <\/div>\n                    <\/div>\n                <\/div>\n            <\/div>\n        \n        \n        \n\t\t\t\t<\/div>\n\t\t\t\t<\/div>\n\t\t\t\t\t<\/div>\n\t\t<\/div>\n\t\t\t\t\t<\/div>\n\t\t<\/section>\n\t\t<div class=\"elementor-element elementor-element-b2c42b8 e-grid e-con-boxed e-con e-parent\" data-id=\"b2c42b8\" data-element_type=\"container\" data-settings=\"{&quot;background_background&quot;:&quot;classic&quot;}\">\n\t\t\t\t\t<div class=\"e-con-inner\">\n\t\t\t\t<div class=\"elementor-element elementor-element-f74ceb9 elementor-widget elementor-widget-counter\" data-id=\"f74ceb9\" data-element_type=\"widget\" data-widget_type=\"counter.default\">\n\t\t\t\t\t\t\t<div class=\"elementor-counter\">\n\t\t\t<div class=\"elementor-counter-title\">Marka nd\u00ebrkombetare<\/div>\t\t\t<div class=\"elementor-counter-number-wrapper\">\n\t\t\t\t<span class=\"elementor-counter-number-prefix\">+<\/span>\n\t\t\t\t<span class=\"elementor-counter-number\" data-duration=\"2000\" data-to-value=\"50\" data-from-value=\"0\" data-delimiter=\",\">0<\/span>\n\t\t\t\t<span class=\"elementor-counter-number-suffix\"><\/span>\n\t\t\t<\/div>\n\t\t<\/div>\n\t\t\t\t\t\t<\/div>\n\t\t\t\t<div class=\"elementor-element elementor-element-9df27c7 elementor-widget elementor-widget-counter\" data-id=\"9df27c7\" data-element_type=\"widget\" data-widget_type=\"counter.default\">\n\t\t\t\t\t\t\t<div class=\"elementor-counter\">\n\t\t\t<div class=\"elementor-counter-title\">partner\u00eb<\/div>\t\t\t<div class=\"elementor-counter-number-wrapper\">\n\t\t\t\t<span class=\"elementor-counter-number-prefix\">+<\/span>\n\t\t\t\t<span class=\"elementor-counter-number\" data-duration=\"2000\" data-to-value=\"45\" data-from-value=\"0\" data-delimiter=\",\">0<\/span>\n\t\t\t\t<span class=\"elementor-counter-number-suffix\"><\/span>\n\t\t\t<\/div>\n\t\t<\/div>\n\t\t\t\t\t\t<\/div>\n\t\t\t\t<div class=\"elementor-element elementor-element-e91f507 elementor-widget elementor-widget-counter\" data-id=\"e91f507\" data-element_type=\"widget\" data-widget_type=\"counter.default\">\n\t\t\t\t\t\t\t<div class=\"elementor-counter\">\n\t\t\t<div class=\"elementor-counter-title\">Products<\/div>\t\t\t<div class=\"elementor-counter-number-wrapper\">\n\t\t\t\t<span class=\"elementor-counter-number-prefix\">+<\/span>\n\t\t\t\t<span class=\"elementor-counter-number\" data-duration=\"2000\" data-to-value=\"100\" data-from-value=\"0\" data-delimiter=\",\">0<\/span>\n\t\t\t\t<span class=\"elementor-counter-number-suffix\"><\/span>\n\t\t\t<\/div>\n\t\t<\/div>\n\t\t\t\t\t\t<\/div>\n\t\t\t\t<div class=\"elementor-element elementor-element-1053b83 elementor-widget elementor-widget-counter\" data-id=\"1053b83\" data-element_type=\"widget\" data-widget_type=\"counter.default\">\n\t\t\t\t\t\t\t<div class=\"elementor-counter\">\n\t\t\t<div class=\"elementor-counter-title\">n\u00eb treg<\/div>\t\t\t<div class=\"elementor-counter-number-wrapper\">\n\t\t\t\t<span class=\"elementor-counter-number-prefix\"><\/span>\n\t\t\t\t<span class=\"elementor-counter-number\" data-duration=\"2000\" data-to-value=\"10\" data-from-value=\"0\" data-delimiter=\",\">0<\/span>\n\t\t\t\t<span class=\"elementor-counter-number-suffix\"> vite<\/span>\n\t\t\t<\/div>\n\t\t<\/div>\n\t\t\t\t\t\t<\/div>\n\t\t\t\t\t<\/div>\n\t\t\t\t<\/div>\n\t\t\t\t<section class=\"elementor-section elementor-top-section elementor-element elementor-element-a232c59 elementor-section-boxed elementor-section-height-default elementor-section-height-default\" data-id=\"a232c59\" data-element_type=\"section\">\n\t\t\t\t\t\t\t<div class=\"elementor-background-overlay\"><\/div>\n\t\t\t\t\t\t\t<div class=\"elementor-container elementor-column-gap-default\">\n\t\t\t\t\t<div class=\"elementor-column elementor-col-100 elementor-top-column elementor-element elementor-element-e5e3df5\" data-id=\"e5e3df5\" data-element_type=\"column\" data-settings=\"{&quot;background_background&quot;:&quot;classic&quot;}\">\n\t\t\t<div class=\"elementor-widget-wrap elementor-element-populated\">\n\t\t\t\t\t<div class=\"elementor-background-overlay\"><\/div>\n\t\t\t\t\t\t<div class=\"elementor-element elementor-element-1d2808b elementor-widget elementor-widget-beautico_newsletter\" data-id=\"1d2808b\" data-element_type=\"widget\" data-widget_type=\"beautico_newsletter.default\">\n\t\t\t\t<div class=\"elementor-widget-container\">\n\t\t\t\t\t                    <div class=\"newsletter-section\">\n                <div class=\"row\">\n                    <div class=\"col-lg-12\">\n                        <div class=\"newsletter-banner hover-img\">\n                            <div class=\"newsletter-content\">\n                                                                    <h2>Full support for our clients - Contact Us:                    \n\n\n<\/h2>\n                                                                                                                                                                <\/div>\n                        <\/div>\n                    <\/div>\n                <\/div>\n            <\/div>\n                \n\t\t\t\t<\/div>\n\t\t\t\t<\/div>\n\t\t\t\t\t<\/div>\n\t\t<\/div>\n\t\t\t\t\t<\/div>\n\t\t<\/section>\n\t\t\t\t<\/div>","protected":false},"excerpt":{"rendered":"<p>For more than 10 years, De Farma has operated in the Albanian market as a reliable partner in the distribution of pharmaceuticals, dermocosmetics, and nutritional supplements. We work closely with companies and professional organizations, providing a secure, fast, and standardized supply chain. As a distributor, we have built long-term relationships with leading international brands that [&hellip;]<\/p>","protected":false},"author":1,"featured_media":0,"parent":0,"menu_order":0,"comment_status":"closed","ping_status":"closed","template":"","meta":{"inline_featured_image":false,"footnotes":""},"class_list":["post-641","page","type-page","status-publish","hentry"],"_links":{"self":[{"href":"https:\/\/defarma.al\/sq\/wp-json\/wp\/v2\/pages\/641","targetHints":{"allow":["GET"]}}],"collection":[{"href":"https:\/\/defarma.al\/sq\/wp-json\/wp\/v2\/pages"}],"about":[{"href":"https:\/\/defarma.al\/sq\/wp-json\/wp\/v2\/types\/page"}],"author":[{"embeddable":true,"href":"https:\/\/defarma.al\/sq\/wp-json\/wp\/v2\/users\/1"}],"replies":[{"embeddable":true,"href":"https:\/\/defarma.al\/sq\/wp-json\/wp\/v2\/comments?post=641"}],"version-history":[{"count":70,"href":"https:\/\/defarma.al\/sq\/wp-json\/wp\/v2\/pages\/641\/revisions"}],"predecessor-version":[{"id":2244,"href":"https:\/\/defarma.al\/sq\/wp-json\/wp\/v2\/pages\/641\/revisions\/2244"}],"wp:attachment":[{"href":"https:\/\/defarma.al\/sq\/wp-json\/wp\/v2\/media?parent=641"}],"curies":[{"name":"wp","href":"https:\/\/api.w.org\/{rel}","templated":true}]}}